{"id":2060,"date":"2020-05-22T14:43:24","date_gmt":"2020-05-22T14:43:24","guid":{"rendered":"https:\/\/codnib.es\/privacy-policy\/"},"modified":"2026-04-19T20:09:17","modified_gmt":"2026-04-19T18:09:17","slug":"politica-de-privacidad","status":"publish","type":"page","link":"https:\/\/codnib.es\/ca\/politica-de-privacidad\/","title":{"rendered":"Pol\u00edtica de privacidad"},"content":{"rendered":"<div data-elementor-type=\"wp-page\" data-elementor-id=\"2060\" class=\"elementor elementor-2060\">\n\t\t\t\t\t\t<section class=\"elementor-section elementor-top-section elementor-element elementor-element-2449b87f elementor-section-boxed elementor-section-height-default elementor-section-height-default sc_fly_static\" data-id=\"2449b87f\" data-element_type=\"section\" data-e-type=\"section\" data-settings=\"{&quot;background_background&quot;:&quot;classic&quot;}\">\n\t\t\t\t\t\t<div class=\"elementor-container elementor-column-gap-extended\">\n\t\t\t\t\t<div class=\"elementor-column elementor-col-100 elementor-top-column elementor-element elementor-element-640b107b sc_content_align_inherit sc_layouts_column_icons_position_left sc_fly_static\" data-id=\"640b107b\" data-element_type=\"column\" data-e-type=\"column\">\n\t\t\t<div class=\"elementor-widget-wrap elementor-element-populated\">\n\t\t\t\t\t\t<div class=\"elementor-element elementor-element-4122246 sc_fly_static elementor-widget elementor-widget-text-editor\" data-id=\"4122246\" data-element_type=\"widget\" data-e-type=\"widget\" data-widget_type=\"text-editor.default\">\n\t\t\t\t<div class=\"elementor-widget-container\">\n\t\t\t\t\t\t\t\t\t<h1 class=\"post_title entry-title\">Pol\u00edtica de Privadesa i Protecci\u00f3 de Dades de Car\u00e0cter personal<\/h1>\t\t\t\t\t\t\t\t<\/div>\n\t\t\t\t<\/div>\n\t\t\t\t\t<\/div>\n\t\t<\/div>\n\t\t\t\t\t<\/div>\n\t\t<\/section>\n\t\t\t\t<section class=\"elementor-section elementor-top-section elementor-element elementor-element-5e1993a0 elementor-section-boxed elementor-section-height-default elementor-section-height-default sc_fly_static\" data-id=\"5e1993a0\" data-element_type=\"section\" data-e-type=\"section\">\n\t\t\t\t\t\t<div class=\"elementor-container elementor-column-gap-extended\">\n\t\t\t\t\t<div class=\"elementor-column elementor-col-100 elementor-top-column elementor-element elementor-element-1ef78d1 sc_content_align_inherit sc_layouts_column_icons_position_left sc_fly_static\" data-id=\"1ef78d1\" data-element_type=\"column\" data-e-type=\"column\">\n\t\t\t<div class=\"elementor-widget-wrap elementor-element-populated\">\n\t\t\t\t\t\t<div class=\"elementor-element elementor-element-1ca103a5 sc_fly_static elementor-widget elementor-widget-spacer\" data-id=\"1ca103a5\" data-element_type=\"widget\" data-e-type=\"widget\" data-widget_type=\"spacer.default\">\n\t\t\t\t<div class=\"elementor-widget-container\">\n\t\t\t\t\t\t\t<div class=\"elementor-spacer\">\n\t\t\t<div class=\"elementor-spacer-inner\"><\/div>\n\t\t<\/div>\n\t\t\t\t\t\t<\/div>\n\t\t\t\t<\/div>\n\t\t\t\t\t<\/div>\n\t\t<\/div>\n\t\t\t\t\t<\/div>\n\t\t<\/section>\n\t\t\t\t<section class=\"elementor-section elementor-top-section elementor-element elementor-element-2a8bd944 elementor-section-boxed elementor-section-height-default elementor-section-height-default sc_fly_static\" data-id=\"2a8bd944\" data-element_type=\"section\" data-e-type=\"section\" data-settings=\"{&quot;background_background&quot;:&quot;classic&quot;}\">\n\t\t\t\t\t\t<div class=\"elementor-container elementor-column-gap-extended\">\n\t\t\t\t\t<div class=\"elementor-column elementor-col-100 elementor-top-column elementor-element elementor-element-9d925e9 sc_content_align_inherit sc_layouts_column_icons_position_left sc_fly_static\" data-id=\"9d925e9\" data-element_type=\"column\" data-e-type=\"column\">\n\t\t\t<div class=\"elementor-widget-wrap elementor-element-populated\">\n\t\t\t\t\t\t<div class=\"elementor-element elementor-element-5f8db9f7 sc_fly_static elementor-widget elementor-widget-text-editor\" data-id=\"5f8db9f7\" data-element_type=\"widget\" data-e-type=\"widget\" data-widget_type=\"text-editor.default\">\n\t\t\t\t<div class=\"elementor-widget-container\">\n\t\t\t\t\t\t\t\t\t<ol class=\"alert-notice\"><li><h6><strong>INFORMACI\u00d3 A L&#039;USUARI<\/strong><\/h6><\/li><\/ol><p><span style=\"color: #0000ff;\"><strong>Qui \u00e9s el responsable del tractament de les vostres dades personals?<\/strong><\/span><\/p><ul><li><strong>COL\u00b7LEGI OFICIAL DE DIETISTES-NUTRICIONISTES DE LES ILLES BALEARS <\/strong>\u00e9s el <strong>responsable <\/strong>del tractament de les dades personals del <strong>usuari <\/strong>i t&#039;informa que aquestes dades seran tractades de conformitat amb el que disposa el Reglament (UE) 2016\/679, de 27 d&#039;abril (GDPR), i la Llei Org\u00e0nica 3\/2018, de 5 de desembre (LOPDGDD).<\/li><\/ul><p><span style=\"color: #0000ff;\"><strong>Quina tipologia de dades us sol\u00b7licitem i tractem?<\/strong><\/span><\/p><ul><li>Segons el formulari o manera d&#039;obtenir les teves dades, sempre us demanem els m\u00ednims necessaris per complir els fins detallats en cada cas.<\/li><\/ul><p><span style=\"color: #0000ff;\"><strong>Per qu\u00e8 tractem les vostres dades personals i per qu\u00e8 ho fem?<\/strong><\/span><\/p><p>Segons el formulari on haguem obtingut les teves dades personals, les tractarem de manera confidencial per assolir les finalitats:<\/p><p><strong>Al formulari Inscripci\u00f3 soci<\/strong><\/p><ul><li>Gestionar i tramitar qualsevol tipus de sol\u00b7licitud dinformaci\u00f3, incloses aquelles dirigides a fer-se soci. Mantenir informats els socis amb les accions que duem a terme. Divulgaci\u00f3 de les activitats. (<em>per a l&#039;execuci\u00f3 d&#039;un contracte o precontracte, 6.1.b GDPR<\/em>)<\/li><li>Enviar comunicacions per correu electr\u00f2nic, fax, SMS, MMS, xarxes socials o qualsevol altre mitj\u00e0 electr\u00f2nic o f\u00edsic, present o futur, que possibiliti realitzar comunicacions comercials. Aquestes comunicacions seran realitzades pel responsable i estaran relacionades amb els seus serveis, o dels seus col\u00b7laboradors o prove\u00efdors, amb qu\u00e8 aquest hagi assolit algun acord. En aquest cas, els tercers mai no tindran acc\u00e9s a les dades personals.<em>pel consentiment de l&#039;interessat, 6.1.a GDPR<\/em>)<\/li><li>Realitzar an\u00e0lisis estad\u00edstiques i estudis de mercat. (<em>per linter\u00e8s leg\u00edtim del responsable, art. 6.1.f GDPR<\/em>)<\/li><\/ul><p><strong>Als formularis de Contacte i Dubtes de Col\u00b7legiaci\u00f3<\/strong><\/p><ul><li>Donar resposta a les consultes o qualsevol tipus de petici\u00f3 que sigui realitzada per l&#039;usuari a trav\u00e9s de qualsevol de les formes de contacte que es posen a la vostra disposici\u00f3 a la p\u00e0gina web del responsable. (<em>per linter\u00e8s leg\u00edtim del responsable, art. 6.1.f GDPR<\/em>)<\/li><li>Enviar comunicacions per correu electr\u00f2nic, fax, SMS, MMS, xarxes socials o qualsevol altre mitj\u00e0 electr\u00f2nic o f\u00edsic, present o futur, que possibiliti realitzar comunicacions comercials. Aquestes comunicacions seran realitzades pel responsable i estaran relacionades amb els seus serveis, o dels seus col\u00b7laboradors o prove\u00efdors, amb qu\u00e8 aquest hagi assolit algun acord de promoci\u00f3. En aquest cas, els tercers mai no tindran acc\u00e9s a les dades personals. (<em>pel consentiment de l&#039;interessat, 6.1.a GDPR<\/em>)<\/li><li>Realitzar an\u00e0lisis estad\u00edstiques i estudis de mercat. (<em>per linter\u00e8s leg\u00edtim del responsable, art. 6.1.f GDPR<\/em>)<\/li><\/ul><p><strong>Al formulari Newsletter<\/strong><\/p><ul><li>Remetre butlletins informatius, novetats, ofertes i promocions en l\u00ednia. (<em>pel consentiment de l&#039;interessat, 6.1.a GDPR<\/em>)<\/li><\/ul><p><strong>Al formulari F\u00f2rum online<\/strong><\/p><ul><li>Participar en els f\u00f2rums en l\u00ednia proposats pel responsable. (<em>pel consentiment de l&#039;interessat, 6.1.a GDPR<\/em>)<\/li><\/ul><p><strong>Al formulari Canal \u00e8tic o de den\u00fancies<\/strong><\/p><ul><li>Gestionar adequadament el canal \u00e8tic, tramitant les corresponents irregularitats notificades a trav\u00e9s del mateix, i decidint sobre la proced\u00e8ncia d&#039;iniciar una investigaci\u00f3, a fi de detectar possibles delictes i prevenir la imposici\u00f3 de qualsevol tipus de responsabilitat, aix\u00ed com per evitar qualsevol tipus de conducta contr\u00e0ria a la normativa interna o externa de l&#039;entitat. (<em>per al compliment d&#039;una obligaci\u00f3 legal, 6.1.c GDPR<\/em>)<\/li><\/ul><p><strong>Xarxes Socials<\/strong><\/p><ul><li>Contacte a trav\u00e9s de les Xarxes Socials per tal de mantenir una relaci\u00f3 entre l&#039;Usuari i el Responsable que pot incloure les operacions seg\u00fcents: \u2013 Tramitar les sol\u00b7licituds i les consultes. \u2013 Informar sobre activitats i esdeveniments. \u2013 Informar sobre productes i\/o serveis. \u2013 Interactuar a trav\u00e9s dels perfils oficials. L&#039;usuari disposa d&#039;un perfil a la mateixa xarxa social i ha decidit unir-se a la xarxa social del Responsable, mostrant aix\u00ed el seu inter\u00e8s en la informaci\u00f3 que s&#039;hi publiqui, per tant en el moment de sol\u00b7licitar seguir la nostra p\u00e0gina oficial, ens facilita el consentiment per al tractament de les seves dades. L&#039;Usuari pot accedir en tot moment a les pol\u00edtiques de privadesa de la pr\u00f2pia xarxa social, aix\u00ed com configurar el seu perfil per garantir-ne la privadesa. L&#039;Usuari una vegada sigui seguidor o s&#039;hagi unit a la xarxa social del Responsable, podr\u00e0 publicar-hi comentaris, enlla\u00e7os, imatges, fotografies o qualsevol altre tipus de contingut suportat per aquesta. L&#039;usuari, en tots els casos, ha de ser el titular del contingut publicat, gaudir dels drets d&#039;autor i de propietat intel\u00b7lectual o comptar amb el consentiment dels tercers afectats. \u2013 Enviament de comunicacions comercials relatives a les activitats de les empreses del Grup, aix\u00ed com empreses externes a aquest, amb la qual cosa s&#039;hagin establert acords comercials de col\u00b7laboraci\u00f3 o intermediaci\u00f3. (<em style=\"background-color: inherit; color: inherit; font-family: inherit; font-size: 1rem;\">pel consentiment de l&#039;interessat, 6.1.a GDPR<\/em>)<\/li><\/ul><p><strong>Missatgeria Instant\u00e0nia<\/strong><\/p><ul><li>Agendar cites i reunions amb el responsable.(<em>per linter\u00e8s leg\u00edtim del responsable, art. 6.1.f GDPR<\/em>)<\/li><li>Enviar comunicacions per correu electr\u00f2nic, fax, SMS, MMS, xarxes socials o qualsevol altre mitj\u00e0 electr\u00f2nic o f\u00edsic, present o futur a clients, que possibiliti realitzar comunicacions comercials referents a productes o serveis que siguin similars als que inicialment van ser objecte de contractaci\u00f3 amb el client (art. 21.2 LSSI).<em>per linter\u00e8s leg\u00edtim del responsable, art. 6.1.f GDPR<\/em>)<\/li><li>Gestionar, mantenir, millorar o desenvolupar els serveis prestats. (<em>per a l&#039;execuci\u00f3 d&#039;un contracte o precontracte, 6.1.b GDPR<\/em>)<\/li><li>Gestionar la seva compra o comanda en l\u00ednia, processar el pagament i procedir a l&#039;enviament o activaci\u00f3 del mateix, en base a les condicions generals de contractaci\u00f3.<em>per a l&#039;execuci\u00f3 d&#039;un contracte o precontracte, 6.1.b GDPR<\/em>)<\/li><li>Enviar pressupostos comercials sobre productes i serveis. (<em>per a l&#039;execuci\u00f3 d&#039;un contracte o precontracte, 6.1.b GDPR<\/em>)<\/li><li>Enviar comunicacions per correu electr\u00f2nic, fax, SMS, MMS, xarxes socials o qualsevol altre mitj\u00e0 electr\u00f2nic o f\u00edsic, present o futur, que possibiliti realitzar comunicacions comercials. Aquestes comunicacions seran realitzades pel responsable i estaran relacionades amb els seus productes i serveis, o dels seus col\u00b7laboradors o prove\u00efdors, amb qu\u00e8 aquest hagi assolit algun acord de promoci\u00f3. En aquest cas, els tercers mai no tindran acc\u00e9s a les dades personals.(<em>pel consentiment de l&#039;interessat, 6.1.a GDPR<\/em>)<\/li><li>Donar resposta a les consultes o qualsevol tipus de petici\u00f3 que sigui realitzada per l&#039;usuari a trav\u00e9s de qualsevol de les formes de contacte que es posen a la vostra disposici\u00f3 a la p\u00e0gina web del responsable. (<em>per linter\u00e8s leg\u00edtim del responsable, art. 6.1.f GDPR<\/em>)<\/li><\/ul><p><strong>Videovigil\u00e0ncia<\/strong><\/p><ul><li>Finalitat Seguretat i control d&#039;accessos, control laboral i de l&#039;activitat interna Legitimaci\u00f3 Inter\u00e8s p\u00fablic per la seguretat i el control d&#039;accessos i Inter\u00e8s leg\u00edtim del Responsable basat en l&#039;Art. 20.3 de l&#039;Estatut dels Treballadors Conservaci\u00f3 Un m\u00e0xim de 30 dies (<em>pel consentiment de l&#039;interessat, 6.1.a GDPR<\/em>)<\/li><\/ul><p><strong>Imatges i enregistraments<\/strong><\/p><ul><li>Fitxer amb imatges est\u00e0tiques i\/o din\u00e0miques. Inclou la publicaci\u00f3 als mitjans del responsable de tractament o de tercers.<em>pel consentiment de l&#039;interessat, 6.1.a GDPR<\/em>)<\/li><\/ul><p><strong>Col\u00b7legiats, ciutadans i prove\u00efdors<\/strong><\/p><ul><li>Gesti\u00f3 amb col\u00b7legiats, ciutadans i prove\u00efdors (<em>per linter\u00e8s leg\u00edtim del responsable, art. 6.1.f GDPR<\/em>)<\/li><\/ul><p><strong>Exclusi\u00f3 publicit\u00e0ria<\/strong><\/p><ul><li>Gesti\u00f3 de dades per evitar l&#039;enviament de comunicacions als qui haguessin manifestat la seva negativa o oposici\u00f3 a rebre-les.<em>per al compliment d&#039;una obligaci\u00f3 legal, 6.1.c GDPR<\/em>)<\/li><\/ul><p><strong>Publicitat comercial<\/strong><\/p><ul><li>Gesti\u00f3 publicit\u00e0ria i prospecci\u00f3 comercial. Inclou dades de fonts leg\u00edtimes dacc\u00e9s p\u00fablic. (<em>per linter\u00e8s leg\u00edtim del responsable, art. 6.1.f GDPR<\/em>)<\/li><\/ul><p><strong>Dret dels interessats<\/strong><\/p><ul><li>Atendre les sol\u00b7licituds dels ciutadans en l&#039;exercici dels drets que estableix el GDPR (<em>per al compliment d&#039;una obligaci\u00f3 legal, 6.1.c GDPR<\/em>)<\/li><\/ul><p><strong>Prevenci\u00f3 Blanqueig de Capitals<\/strong><\/p><ul><li>Gesti\u00f3 de dades per a la prevenci\u00f3 de Blanqueig de Capitals i finan\u00e7ament del terrorisme. (<em>per al compliment d&#039;una obligaci\u00f3 legal, 6.1.c GDPR<\/em>)<\/li><\/ul><p><strong>Usuaris Web, app i altres plataformes del responsable<\/strong><\/p><ul><li>Dades didentificaci\u00f3 dels usuaris que accedeixen al web corporatiu. (<em>per linter\u00e8s leg\u00edtim del responsable, art. 6.1.f GDPR<\/em>)<\/li><\/ul><p><strong>Formaci\u00f3, cursos, tallers, activitats o similar<\/strong><\/p><ul><li>Gesti\u00f3 de les condicions d&#039;acc\u00e9s i \u00fas.<em>per linter\u00e8s leg\u00edtim del responsable, art. 6.1.f GDPR<\/em>)<\/li><\/ul><p><strong>Connexi\u00f3 a la xarxa Wifi<\/strong><\/p><ul><li>Realitzar an\u00e0lisis estad\u00edstiques i estudis de mercat. (per l&#039;inter\u00e8s leg\u00edtim del responsable, art. 6.1.f GDPR)<\/li><li>Realitzar enquestes de satisfacci\u00f3 i qualitat. ( per l&#039;inter\u00e8s leg\u00edtim del responsable, art. 6.1.f GDPR ) (<em>pel consentiment de l&#039;interessat, 6.1.a GDPR<\/em>)<\/li><\/ul><p><strong>Dades de menors o vulnerables<\/strong><\/p><ul><li>El responsable no demanar\u00e0 ni tractar\u00e0 dades personals de menors de catorze anys, sense donar ple compliment als requisits establerts a la normativa aplicable de protecci\u00f3 de dades, quant al compliment del deure d&#039;informar i l&#039;obtenci\u00f3 d&#039;aquells consentiments que siguin necessaris. Les dades recollides es tractaran per a la gesti\u00f3 de les finalitats informades. El responsable disposa de les mesures de seguretat adequades per a la seguretat daquestes dades. (<em style=\"background-color: inherit; color: inherit; font-family: inherit; font-size: 1rem;\">pel consentiment de l&#039;interessat, 6.1.a GDPR<\/em>)<\/li><\/ul><p><strong>Representants legals i persones de contacte<\/strong><\/p><ul><li>En cas que sigueu representant legal o persona de contacte d&#039;alguna de les entitats o persones amb qu\u00e8 la Fundaci\u00f3 es relaciona, el responsable tractar\u00e0 les vostres dades per controlar el desenvolupament de la relaci\u00f3 pretesa. (<em>pel consentiment de l&#039;interessat, 6.1.a GDPR<\/em>)<\/li><\/ul><p><span style=\"color: #0000ff;\"><strong>Durant quant de temps guardarem les vostres dades personals?<\/strong><\/span><\/p><p>Es conservaran durant no m\u00e9s temps del necessari per mantenir la fi del tractament o hi hagi prescripcions legals que dictaminin la seva cust\u00f2dia i quan ja no sigui necessari per a aix\u00f2, se suprimiran amb mesures de seguretat adequades per garantir l&#039;anonimitzaci\u00f3 de les dades o la seva destrucci\u00f3 total.<\/p><p><span style=\"color: #0000ff;\"><strong>A qui facilitem les vostres dades personals?<\/strong><\/span><\/p><p>No est\u00e0 prevista cap comunicaci\u00f3 de dades personals a tercers excepte, si fos necessari per al desenvolupament i execuci\u00f3 de les finalitats del tractament, als nostres prove\u00efdors de serveis relacionats amb comunicacions, amb els quals el <strong>responsable <\/strong>t\u00e9 subscrits els contractes de confidencialitat i encarregat de tractament exigits per la normativa vigent de privadesa.<\/p><p><span style=\"color: #0000ff;\"><strong>Realitzem transfer\u00e8ncies internacionals?<\/strong><\/span><\/p><ul><li>De conformitat amb el que disposa l&#039;article 44 del RGPD, l&#039;autoritzaci\u00f3 de transfer\u00e8ncia internacional de dades a un pa\u00eds que no ha estat declarat com a pa\u00eds amb un nivell adequat de protecci\u00f3 nom\u00e9s es pot atorgar si s&#039;obtenen garanties suficients. Aix\u00ed, podr\u00e0 atorgar-se si el <strong>responsable <\/strong>del tractament aporta un contracte escrit, celebrat entre l&#039;exportador i l&#039;importador de dades, on constin les garanties necess\u00e0ries de respecte a la protecci\u00f3 dels interessats i es garanteixi l&#039;exercici dels seus drets.<\/li><li>\u00c9s possible que el <strong>responsable <\/strong>compte amb serveis de prove\u00efdors que tinguin servidors o seus en altres llocs i, per tant, s&#039;efectu\u00efn aquestes transfer\u00e8ncies. Per consultar el llistat actualitzat de prove\u00efdors, consulteu amb el <strong>responsable <\/strong>o trav\u00e9s de <a href=\"mailto:presidencia@codnib.es\">info(at)codnib.es<\/a><\/li><\/ul><p><span style=\"color: #0000ff;\"><strong>Quins s\u00f3n els vostres drets?<\/strong><\/span><\/p><p>Els drets que assisteixen al <strong>usuari <\/strong>s\u00f3n:<\/p><ul><li>Dret a retirar el consentiment en qualsevol moment.<\/li><li>Dret d&#039;acc\u00e9s, rectificaci\u00f3, portabilitat i supressi\u00f3 de les vostres dades, i de limitaci\u00f3 o oposici\u00f3 al tractament.<\/li><li>Dret a presentar una reclamaci\u00f3 davant de l&#039;autoritat de control (www.aepd.es) si considera que el tractament no s&#039;ajusta a la normativa vigent.<\/li><\/ul><p><strong>Dades de contacte per exercir els vostres drets<\/strong>:<\/p><p>COL\u00b7LEGI OFICIAL DE DIETISTES-NUTRICIONISTES DE LES ILLES BALEARS. C\/ Enric Alzamora, 6 3 4 \u2013 07002 Palma de Mallorca (Illes Balears). E-mail: <a href=\"mailto:presidencia@codnib.es\">info(at)codnib.es <\/a><strong>Dades de contacte del delegat de protecci\u00f3 de dades: <\/strong>Consultancy X3 SL, Fra Antoni Llin\u00e0s 8-B, 07010 Palma de Mallorca \u2013 <a href=\"mailto:gestion@grupox3.es\">gestion@grupox3.es<\/a><\/p><ol class=\"alert-notice\" start=\"2\"><li><h6><strong>CAR\u00c0CTER OBLIGATORI O FACULTATIU DE LA INFORMACI\u00d3 FACILITADA PER L&#039;USUARI<\/strong><\/h6><\/li><\/ol><p>Els <strong>usuaris<\/strong>, mitjan\u00e7ant la marcaci\u00f3 de les caselles corresponents i l&#039;entrada de dades als camps, marcats amb un asterisc (*) al formulari de contacte o presentats en formularis de desc\u00e0rrega, accepten expressament i de forma lliure i inequ\u00edvoca, que les seves dades s\u00f3n necess\u00e0ries per atendre la seva petici\u00f3, per part del prestador, sent volunt\u00e0ria la inclusi\u00f3 de dades en els camps. L&#039;usuari garanteix que les dades personals facilitades al <strong>responsable <\/strong>s\u00f3n veraces i es fa responsable de comunicar qualsevol modificaci\u00f3 dels mateixos.<\/p><p>El <strong>responsable <\/strong>informa que totes les dades sol\u00b7licitades a trav\u00e9s del lloc web s\u00f3n obligat\u00f2ries, ja que s\u00f3n necess\u00e0ries per a la prestaci\u00f3 d&#039;un servei \u00f2ptim al <strong>usuari<\/strong>. En cas que no es facilitin totes les dades, no es garanteix que la informaci\u00f3 i els serveis facilitats siguin completament ajustats a les seves necessitats.<\/p><p>Si per algun tipus de mitj\u00e0, ens facilita dades de car\u00e0cter personal d&#039;altres persones, el responsable adverteix que ho haur\u00e0 de fer amb el seu consentiment i haver informat, amb car\u00e0cter previ, dels aspectes continguts en aquesta Pol\u00edtica de Privadesa. Aix\u00ed mateix, el <strong>responsable <\/strong>es compromet a facilitar a qualsevol tercer les dades del qual ens faciliti la informaci\u00f3 que sigui pertinent, de conformitat amb el que disposa l&#039;article 14 del Reglament General.<\/p><ol class=\"alert-notice\" start=\"3\"><li><h6><strong>MESURES DE SEGURETAT<\/strong><\/h6><\/li><\/ol><p>Que de conformitat amb el que disposen les normatives vigents en protecci\u00f3 de dades personals, el <strong>responsable <\/strong>est\u00e0 complint amb totes les disposicions de les normatives GDPR i LOPDGDD per al tractament de les dades personals de la seva responsabilitat, i manifestament amb els principis descrits a l&#039;article 5 del GDPR, pels quals s\u00f3n tractats de manera l\u00edcita, lleial i transparent en relaci\u00f3 amb l&#039;interessat i adequats, pertinents i limitats al que \u00e9s necessari en relaci\u00f3 amb els fins<\/p><p>per als que s\u00f3n tractats.<\/p><p>El <strong>responsable <\/strong>garanteix que ha implementat pol\u00edtiques t\u00e8cniques i organitzatives apropiades per aplicar les mesures de seguretat que estableixen el GDPR i la LOPDGDD per tal de protegir els drets i llibertats dels <strong>usuaris <\/strong>i els ha comunicat la informaci\u00f3 adequada perqu\u00e8 els puguin exercir.<\/p><p>Per a m\u00e9s informaci\u00f3 sobre les garanties de privadesa, pots adre\u00e7ar-te al <strong>responsable <\/strong>a trav\u00e9s de COL\u00b7LEGI OFICIAL DE DIETISTES-NUTRICIONISTES DE LES ILLES BALEARS. C\/ Enric Alzamora, 6 3 4 \u2013 07002 Palma de Mallorca (Illes Balears). E-mail: <a href=\"mailto:presidencia@codnib.es\">info(at)codnib.es <\/a><strong>Dades de contacte del delegat de protecci\u00f3 de dades: <\/strong>Consultancy X3 SL, Fra Antoni Llin\u00e0s 8-B, 07010 Palma de Mallorca \u2013 <a href=\"mailto:gestion@grupox3.es\">gestion@grupox3.es<\/a><\/p><ol class=\"alert-notice\" start=\"4\"><li><h6><strong>VIG\u00c8NCIA<\/strong><\/h6><\/li><\/ol><p>Aquesta pol\u00edtica de privadesa \u00e9s vigent des del 27\/10\/2023<\/p><p>El <strong>responsable <\/strong>es reserva el dret de modificar aquesta pol\u00edtica per adaptar-la a futures actualitzacions legislatives o jurisprudencials que siguin aplicables, o per altres motius t\u00e8cnics, operatius, comercials, corporatius, etc. Si a conseq\u00fc\u00e8ncia dels canvis, es veiessin afectats els drets dels usuaris, el <strong>responsable <\/strong>es compromet a informar sobre els motius.<\/p><p><strong>\u00a0<\/strong><\/p><p><a href=\"https:\/\/codnib.es\/wp-content\/uploads\/2018\/05\/MODELO_DE_SOLICITUD_DE_EJERCICIO_DE_DERECHOS_DEL_INTERESADO.pdf\" target=\"_blank\" rel=\"noopener\">MODEL DE SOL\u00b7LICITUD D&#039;EXERCICI DE DRETS DE L&#039;INTERESSAT<\/a><\/p><p>\u00a0<\/p>\t\t\t\t\t\t\t\t<\/div>\n\t\t\t\t<\/div>\n\t\t\t\t\t<\/div>\n\t\t<\/div>\n\t\t\t\t\t<\/div>\n\t\t<\/section>\n\t\t\t\t<\/div>","protected":false},"excerpt":{"rendered":"<p>Pol\u00edtica de Privacidad y Protecci\u00f3n de Datos de Car\u00e1cter personal INFORMACI\u00d3N AL USUARIO \u00bfQui\u00e9n es el responsable del tratamiento de sus datos personales? COLEGIO OFICIAL DE DIETISTAS-NUTRICIONISTAS DE LES ILLES BALEARS es el responsable del tratamiento de los datos personales del usuario y te informa de que estos datos ser\u00e1n tratados de conformidad con lo&hellip;<\/p>","protected":false},"author":1,"featured_media":0,"parent":0,"menu_order":0,"comment_status":"closed","ping_status":"closed","template":"","meta":{"_acf_changed":false,"footnotes":""},"class_list":["post-2060","page","type-page","status-publish","hentry"],"acf":[],"_links":{"self":[{"href":"https:\/\/codnib.es\/ca\/wp-json\/wp\/v2\/pages\/2060","targetHints":{"allow":["GET"]}}],"collection":[{"href":"https:\/\/codnib.es\/ca\/wp-json\/wp\/v2\/pages"}],"about":[{"href":"https:\/\/codnib.es\/ca\/wp-json\/wp\/v2\/types\/page"}],"author":[{"embeddable":true,"href":"https:\/\/codnib.es\/ca\/wp-json\/wp\/v2\/users\/1"}],"replies":[{"embeddable":true,"href":"https:\/\/codnib.es\/ca\/wp-json\/wp\/v2\/comments?post=2060"}],"version-history":[{"count":5,"href":"https:\/\/codnib.es\/ca\/wp-json\/wp\/v2\/pages\/2060\/revisions"}],"predecessor-version":[{"id":4398,"href":"https:\/\/codnib.es\/ca\/wp-json\/wp\/v2\/pages\/2060\/revisions\/4398"}],"wp:attachment":[{"href":"https:\/\/codnib.es\/ca\/wp-json\/wp\/v2\/media?parent=2060"}],"curies":[{"name":"wp","href":"https:\/\/api.w.org\/{rel}","templated":true}]}}